{"id":2976,"date":"2023-07-05T20:08:11","date_gmt":"2023-07-06T00:08:11","guid":{"rendered":"https:\/\/www.rqrsda.org\/contact-us\/"},"modified":"2023-07-11T10:21:43","modified_gmt":"2023-07-11T14:21:43","slug":"contact-us","status":"publish","type":"page","link":"https:\/\/www.rqrsda.org\/en\/contact-us\/","title":{"rendered":"CONTACT US"},"content":{"rendered":"<p><strong>REGROUPEMENT QU\u00c9B\u00c9COIS DES RESSOURCES DE SUPERVISION DES DROITS D\u2019ACC\u00c8S (RQRSDA)<\/strong><\/p>\n<p><strong>Mailing address of the head office:<\/strong><\/p>\n<p>33, route du Pr\u00e9sident-Kennedy<br \/>\nL\u00e9vis (Qu\u00e9bec)<br \/>\nG6V 6C1<\/p>\n<p><a href=\"mailto:Info@rqrsda.org\">info@rqrsda.org<\/a><\/p>\n<p><a href=\"mailto:presidence@rqrsda.org\">presidence@rqrsda.org<\/a><\/p>\n<p>T\u00e9l: (438) 995-8905<\/p>\n<p>\t\t\t<iframe loading=\"lazy\"\n\t\t\t\t\tsrc=\"https:\/\/maps.google.com\/maps?q=33%2C%20route%20du%20Pr%C3%A9sident-Kennedy%20%20L%C3%A9vis%20%28Qu%C3%A9bec%29%20%20G6V%206C1&#038;t=m&#038;z=10&#038;output=embed&#038;iwloc=near\"\n\t\t\t\t\ttitle=\"33, route du Pr\u00e9sident-Kennedy  L\u00e9vis (Qu\u00e9bec)  G6V 6C1\"\n\t\t\t\t\taria-label=\"33, route du Pr\u00e9sident-Kennedy  L\u00e9vis (Qu\u00e9bec)  G6V 6C1\"\n\t\t\t><\/iframe><\/p>\n<h2>SEND US A MESSAGE<\/h2>\n\n<div class=\"wpcf7 no-js\" id=\"wpcf7-f3042-o1\" lang=\"fr-CA\" dir=\"ltr\" data-wpcf7-id=\"3042\">\n<div class=\"screen-reader-response\"><p role=\"status\" aria-live=\"polite\" aria-atomic=\"true\"><\/p> <ul><\/ul><\/div>\n<form action=\"\/en\/wp-json\/wp\/v2\/pages\/2976#wpcf7-f3042-o1\" method=\"post\" class=\"wpcf7-form init\" aria-label=\"Contact form\" novalidate=\"novalidate\" data-status=\"init\">\n<fieldset class=\"hidden-fields-container\"><input type=\"hidden\" name=\"_wpcf7\" value=\"3042\" \/><input type=\"hidden\" name=\"_wpcf7_version\" value=\"6.1.5\" \/><input type=\"hidden\" name=\"_wpcf7_locale\" value=\"fr_CA\" \/><input type=\"hidden\" name=\"_wpcf7_unit_tag\" value=\"wpcf7-f3042-o1\" \/><input type=\"hidden\" name=\"_wpcf7_container_post\" value=\"0\" \/><input type=\"hidden\" name=\"_wpcf7_posted_data_hash\" value=\"\" \/><input type=\"hidden\" name=\"_wpcf7_recaptcha_response\" value=\"\" \/>\n<\/fieldset>\n<p><label> Your name<br \/>\n<span class=\"wpcf7-form-control-wrap\" data-name=\"your-name\"><input size=\"40\" maxlength=\"400\" class=\"wpcf7-form-control wpcf7-text wpcf7-validates-as-required\" aria-required=\"true\" aria-invalid=\"false\" value=\"\" type=\"text\" name=\"your-name\" \/><\/span> <\/label>\n<\/p>\n<p><label> Your email address<br \/>\n<span class=\"wpcf7-form-control-wrap\" data-name=\"your-email\"><input size=\"40\" maxlength=\"400\" class=\"wpcf7-form-control wpcf7-email wpcf7-validates-as-required wpcf7-text wpcf7-validates-as-email\" aria-required=\"true\" aria-invalid=\"false\" value=\"\" type=\"email\" name=\"your-email\" \/><\/span> <\/label>\n<\/p>\n<p><label> Subject<br \/>\n<span class=\"wpcf7-form-control-wrap\" data-name=\"your-subject\"><input size=\"40\" maxlength=\"400\" class=\"wpcf7-form-control wpcf7-text wpcf7-validates-as-required\" aria-required=\"true\" aria-invalid=\"false\" value=\"\" type=\"text\" name=\"your-subject\" \/><\/span> <\/label>\n<\/p>\n<p><label> Your message (optional)<br \/>\n<span class=\"wpcf7-form-control-wrap\" data-name=\"your-message\"><textarea cols=\"40\" rows=\"10\" maxlength=\"2000\" class=\"wpcf7-form-control wpcf7-textarea\" aria-invalid=\"false\" name=\"your-message\"><\/textarea><\/span> <\/label>\n<\/p>\n<p><input class=\"wpcf7-form-control wpcf7-submit has-spinner\" type=\"submit\" value=\"Send\" \/>\n<\/p><div class=\"wpcf7-response-output\" aria-hidden=\"true\"><\/div>\n<\/form>\n<\/div>\n\n","protected":false},"excerpt":{"rendered":"<p>REGROUPEMENT QU\u00c9B\u00c9COIS DES RESSOURCES DE SUPERVISION DES DROITS D\u2019ACC\u00c8S (RQRSDA) Mailing address of the head office: 33, route du Pr\u00e9sident-Kennedy L\u00e9vis (Qu\u00e9bec) G6V 6C1 info@rqrsda.org presidence@rqrsda.org T\u00e9l: (438) 995-8905 SEND US A MESSAGE<\/p>\n","protected":false},"author":1,"featured_media":0,"parent":0,"menu_order":0,"comment_status":"closed","ping_status":"closed","template":"","meta":{"_acf_changed":false,"footnotes":""},"class_list":["post-2976","page","type-page","status-publish","hentry"],"acf":[],"_links":{"self":[{"href":"https:\/\/www.rqrsda.org\/en\/wp-json\/wp\/v2\/pages\/2976","targetHints":{"allow":["GET"]}}],"collection":[{"href":"https:\/\/www.rqrsda.org\/en\/wp-json\/wp\/v2\/pages"}],"about":[{"href":"https:\/\/www.rqrsda.org\/en\/wp-json\/wp\/v2\/types\/page"}],"author":[{"embeddable":true,"href":"https:\/\/www.rqrsda.org\/en\/wp-json\/wp\/v2\/users\/1"}],"replies":[{"embeddable":true,"href":"https:\/\/www.rqrsda.org\/en\/wp-json\/wp\/v2\/comments?post=2976"}],"version-history":[{"count":13,"href":"https:\/\/www.rqrsda.org\/en\/wp-json\/wp\/v2\/pages\/2976\/revisions"}],"predecessor-version":[{"id":3063,"href":"https:\/\/www.rqrsda.org\/en\/wp-json\/wp\/v2\/pages\/2976\/revisions\/3063"}],"wp:attachment":[{"href":"https:\/\/www.rqrsda.org\/en\/wp-json\/wp\/v2\/media?parent=2976"}],"curies":[{"name":"wp","href":"https:\/\/api.w.org\/{rel}","templated":true}]}}